{"id":6,"date":"2015-09-23T16:30:31","date_gmt":"2015-09-23T16:30:31","guid":{"rendered":"http:\/\/lcottini.clasit.org\/?page_id=6"},"modified":"2024-05-28T01:25:17","modified_gmt":"2024-05-28T01:25:17","slug":"education","status":"publish","type":"page","link":"http:\/\/lcottini.clasit.org\/index.php\/education\/","title":{"rendered":"Education"},"content":{"rendered":"<p><strong>EDUCATION<\/strong><\/p>\n<h6>Certificate, Yale University, 2020 (Digital Marketing Strategies)<\/h6>\n<h6>Ph.D. Harvard University, 2012 (Italian Studies)<br \/>\nM.A. University of Notre Dame, 2007 (Romance Languages)<br \/>\nB.A. Universit\u00e0 degli Studi di Milano, 2003 (Classics)<\/h6>\n<hr \/>\n<p class=\"auto-style13\"><strong>EMPLOYMENT<\/strong><\/p>\n<p class=\"auto-style13\">Villanova University, Assistant Professor of Italian (2013-2018), Associate Professor (2018-<br \/>\nMcGill University, Assistant Professor of Italian (2012-2013)<br \/>\nHarvard University, TA (2009-2011)<br \/>\nUniversity of Notre Dame, TA (2005-2007)<br \/>\nLiceo Sacro Monte; Scuola Media Manfredini, Varese (2003-2005)<\/p>\n<hr \/>\n<p class=\"auto-style13\"><strong>GRANTS \/ AWARDS<\/strong><\/p>\n<p class=\"auto-style13\">2024 &#8211; Villanova GRASP grant for research<\/p>\n<p>2023 &#8211; Education Award (Filitalia International)<\/p>\n<p class=\"auto-style13\">2019 &#8211; AAIS book prize (American Association of Italian Studies) for\u00a0<em>The Art of\u00a0<\/em><i>Objects.\u00a0<\/i>(best book in the 20th and 21st centuries category)<\/p>\n<p class=\"auto-style13\">2018 Villanova VERITAS Award<\/p>\n<p class=\"auto-style13\">2014\u00a0<a href=\"https:\/\/www.issnaf.org\/issnaf-awards-for-the-humanities-2014-ed-lureates\/luca-cottini-issnaf-award-for-the-humanities-2014-laureate.html\">ISSNAF Award for the Humanities<\/a>, in recognition of the best unpublished manuscript in North America in the field of Italian Studies<\/p>\n<p class=\"auto-style3\">Fonds Qu\u00e9bec de Recherche Soci\u00e9t\u00e9 et Culture (FQRSC) &#8211; \u00c9tablissement de nouveaux professeurs-chercheurs, 2013<\/p>\n<p class=\"auto-style3\">Certificate for Excellence in Teaching, Derek Bok Center (Harvard University), Fall 2009, Spring 2011<\/p>\n","protected":false},"excerpt":{"rendered":"<p>EDUCATION Certificate, Yale University, 2020 (Digital Marketing Strategies) Ph.D. Harvard University, 2012 (Italian Studies) M.A. University of Notre Dame, 2007 (Romance Languages) B.A. Universit\u00e0 degli Studi di Milano, 2003 (Classics) EMPLOYMENT Villanova University, Assistant Professor of Italian (2013-2018), Associate Professor &hellip; <a href=\"http:\/\/lcottini.clasit.org\/index.php\/education\/\">Continue reading <span class=\"meta-nav\">&rarr;<\/span><\/a><\/p>\n","protected":false},"author":1,"featured_media":0,"parent":0,"menu_order":0,"comment_status":"closed","ping_status":"closed","template":"","meta":{"footnotes":""},"class_list":["post-6","page","type-page","status-publish","hentry"],"_links":{"self":[{"href":"http:\/\/lcottini.clasit.org\/index.php\/wp-json\/wp\/v2\/pages\/6","targetHints":{"allow":["GET"]}}],"collection":[{"href":"http:\/\/lcottini.clasit.org\/index.php\/wp-json\/wp\/v2\/pages"}],"about":[{"href":"http:\/\/lcottini.clasit.org\/index.php\/wp-json\/wp\/v2\/types\/page"}],"author":[{"embeddable":true,"href":"http:\/\/lcottini.clasit.org\/index.php\/wp-json\/wp\/v2\/users\/1"}],"replies":[{"embeddable":true,"href":"http:\/\/lcottini.clasit.org\/index.php\/wp-json\/wp\/v2\/comments?post=6"}],"version-history":[{"count":8,"href":"http:\/\/lcottini.clasit.org\/index.php\/wp-json\/wp\/v2\/pages\/6\/revisions"}],"predecessor-version":[{"id":227,"href":"http:\/\/lcottini.clasit.org\/index.php\/wp-json\/wp\/v2\/pages\/6\/revisions\/227"}],"wp:attachment":[{"href":"http:\/\/lcottini.clasit.org\/index.php\/wp-json\/wp\/v2\/media?parent=6"}],"curies":[{"name":"wp","href":"https:\/\/api.w.org\/{rel}","templated":true}]}}